{"id":10,"date":"2021-02-23T04:43:22","date_gmt":"2021-02-23T04:43:22","guid":{"rendered":"http:\/\/dataseps.gecko.com.ec\/wordpress\/?page_id=10"},"modified":"2026-05-04T21:20:34","modified_gmt":"2026-05-04T21:20:34","slug":"estadisticas-eps","status":"publish","type":"page","link":"https:\/\/estadisticas.seps.gob.ec\/index.php\/estadisticas-eps\/","title":{"rendered":"Estad\u00edsticas EPS"},"content":{"rendered":"<p>[vc_row][vc_column][vc_column_text][\/vc_column_text][\/vc_column][\/vc_row][vc_row][vc_column][vc_column_text]<\/p>\r\n<h2><span style=\"color: #00558e;\">        <span class=\"icon-building \"\n                ><\/span>\n         Estad\u00edsticas EPS<\/span><\/h2>\r\n<p>[\/vc_column_text][\/vc_column][\/vc_row][vc_row][vc_column][vc_tta_tour shape=\u00bbsquare\u00bb controls_size=\u00bbsm\u00bb active_section=\u00bb1&#8243; css_animation=\u00bbfadeIn\u00bb no_fill_content_area=\u00bbtrue\u00bb el_class=\u00bbtour-section-css-add\u00bb][vc_tta_section title=\u00bbInformaci\u00f3n sectorial\u00bb tab_id=\u00bbinformacion-sectorial\u00bb][vc_row_inner][vc_column_inner][vc_column_text el_class=\u00bbtextcont\u00bb]<\/p>\r\n<p>La informacio\u0301n sectorial de la EPS recoge el nu\u0301mero de organizaciones y socios de las asociaciones, cooperativas y organizaciones comunitarias de la Economi\u0301a Popular y Solidaria, de acuerdo a su registro en los sistemas en li\u0301nea de la Superintendencia de Economi\u0301a Popular y Solidaria.<\/p>\r\n<p>[\/vc_column_text][vc_btn title=\u00bbResumen\u00bb color=\u00bbprimary\u00bb size=\u00bbxs\u00bb align=\u00bbleft\u00bb i_icon_fontawesome=\u00bbti-star\u00bb add_icon=\u00bbtrue\u00bb el_class=\u00bbsg-popup-id-1952&#8243;][vc_empty_space height=\u00bb10px\u00bb][\/vc_column_inner][vc_column_inner][\/vc_column_inner][\/vc_row_inner][vc_row_inner el_class=\u00bbcacom\u00bb][vc_column_inner][vc_toggle title=\u00bbReportes\u00bb css_animation=\u00bbnone\u00bb custom_font_container=\u00bbtag:h4|text_align:left|color:%230095db\u00bb custom_google_fonts=\u00bbfont_family:Roboto%3A100%2C100italic%2C300%2C300italic%2Cregular%2Citalic%2C500%2C500italic%2C700%2C700italic%2C900%2C900italic|font_style:400%20regular%3A400%3Anormal\u00bb use_custom_heading=\u00bbtrue\u00bb]<\/p>\r\n<p><strong>Data SEPS:<\/strong> <a href=\"https:\/\/data.seps.gob.ec\/\" target=\"_blank\" rel=\"noopener\">Portal de Datos Interactivo.<\/a><\/p>\r\n<p>[\/vc_toggle][vc_toggle title=\u00bbMetodolog\u00eda:\u00bb css_animation=\u00bbnone\u00bb custom_font_container=\u00bbtag:h4|text_align:left|color:%230095db\u00bb custom_google_fonts=\u00bbfont_family:Roboto%3A100%2C100italic%2C300%2C300italic%2Cregular%2Citalic%2C500%2C500italic%2C700%2C700italic%2C900%2C900italic|font_style:400%20regular%3A400%3Anormal\u00bb use_custom_heading=\u00bbtrue\u00bb]<\/p>\r\n<div id=\"footable_parent_1954\"\n         class=\" footable_parent ninja_table_wrapper loading_ninja_table wp_table_data_press_parent bootstrap4 \">\n                <table data-ninja_table_instance=\"ninja_table_instance_0\" data-footable_id=\"1954\" data-filter-delay=\"1000\" aria-label=\"Metodolog\u00eda-EPS\"            id=\"footable_1954\"\n           data-unique_identifier=\"ninja_table_unique_id_2068012300_1954\"\n           class=\" foo-table ninja_footable foo_table_1954 ninja_table_unique_id_2068012300_1954 table  nt_type_ajax_table table-bordered table-hover vertical_centered  footable-paging-right ninja_table_search_disabled\">\n                <colgroup>\n                            <col class=\"ninja_column_0 \">\n                            <col class=\"ninja_column_1 \">\n                            <col class=\"ninja_column_2 \">\n                    <\/colgroup>\n            <\/table>\n    \n    \n    \n<\/div>\n\r\n<p>[\/vc_toggle][vc_toggle title=\u00bbBases de Datos:\u00bb css_animation=\u00bbnone\u00bb custom_font_container=\u00bbtag:h4|text_align:left|color:%230095db\u00bb custom_google_fonts=\u00bbfont_family:Roboto%3A100%2C100italic%2C300%2C300italic%2Cregular%2Citalic%2C500%2C500italic%2C700%2C700italic%2C900%2C900italic|font_style:400%20regular%3A400%3Anormal\u00bb use_custom_heading=\u00bbtrue\u00bb]<\/p>\r\n<p>[qt_accordion style=\u00bbstyle-1&#8243; gap=\u00bb2&#8243;][qt_accordion_item heading=\u00bbOrganizaciones EPS mensuales\u00bb]<\/p>\r\n<p>N\u00famero de organizaciones de la Econom\u00eda Popular y Solidaria seg\u00fan tipo de organizaci\u00f3n, actividad econ\u00f3mica y ubicaci\u00f3n geogr\u00e1fica. La base del a\u00f1o en curso se actualiza seg\u00fan disponibilidad de informaci\u00f3n.<\/p>\r\n<ul>\r\n<li><a href=\"https:\/\/estadisticas.seps.gob.ec\/?sdm_process_download=1&amp;download_id=3290\">2026<\/a><\/li>\r\n<li><a href=\"https:\/\/estadisticas.seps.gob.ec\/?sdm_process_download=1&amp;download_id=2810\">2025<\/a><\/li>\r\n<li><a href=\"https:\/\/estadisticas.seps.gob.ec\/?smd_process_download=1&amp;download_id=2349\">2024<\/a><\/li>\r\n<li><a href=\"https:\/\/estadisticas.seps.gob.ec\/?smd_process_download=1&amp;download_id=1876\">2023<\/a><\/li>\r\n<li><a href=\"https:\/\/estadisticas.seps.gob.ec\/?smd_process_download=1&amp;download_id=1178\">2022<\/a><\/li>\r\n<li><a href=\"https:\/\/estadisticas.seps.gob.ec\/?smd_process_download=1&amp;download_id=982\" target=\"_blank\" rel=\"noopener\">2021<\/a><\/li>\r\n<li><a href=\"https:\/\/estadisticas.seps.gob.ec\/?smd_process_download=1&amp;download_id=984\" target=\"_blank\" rel=\"noopener\">2020<\/a><\/li>\r\n<li><a href=\"https:\/\/estadisticas.seps.gob.ec\/?smd_process_download=1&amp;download_id=986\" target=\"_blank\" rel=\"noopener\">2019<\/a><\/li>\r\n<li><a href=\"https:\/\/estadisticas.seps.gob.ec\/?smd_process_download=1&amp;download_id=988\" target=\"_blank\" rel=\"noopener\">2018<\/a><\/li>\r\n<li><a href=\"https:\/\/estadisticas.seps.gob.ec\/?smd_process_download=1&amp;download_id=990\">A\u00f1os anteriores<\/a><\/li>\r\n<\/ul>\r\n<p>[\/qt_accordion_item][qt_accordion_item heading=\u00bbSocios EPS mensuales\u00bb]<\/p>\r\n<p>N\u00famero de socios de las organizaciones de la Econom\u00eda Popular y Solidaria seg\u00fan sus caracter\u00edsticas socio-demogr\u00e1ficas. La base del a\u00f1o en curso se actualiza seg\u00fan disponibilidad de informaci\u00f3n.<\/p>\r\n<ul>\r\n<li><a href=\"https:\/\/estadisticas.seps.gob.ec\/?sdm_process_download=1&amp;download_id=3292\">2026<\/a><\/li>\r\n<li><a href=\"https:\/\/estadisticas.seps.gob.ec\/?sdm_process_download=1&amp;download_id=2812\">2025<\/a><\/li>\r\n<li><a href=\"https:\/\/estadisticas.seps.gob.ec\/?smd_process_download=1&amp;download_id=2354\">2024<\/a><\/li>\r\n<li><a href=\"https:\/\/estadisticas.seps.gob.ec\/?smd_process_download=1&amp;download_id=1882\">2023<\/a><\/li>\r\n<li><a href=\"https:\/\/estadisticas.seps.gob.ec\/?smd_process_download=1&amp;download_id=1234\">2022<\/a><\/li>\r\n<li><a href=\"https:\/\/estadisticas.seps.gob.ec\/?smd_process_download=1&amp;download_id=992\" target=\"_blank\" rel=\"noopener\">2021<\/a><\/li>\r\n<li><a href=\"https:\/\/estadisticas.seps.gob.ec\/?smd_process_download=1&amp;download_id=995\" target=\"_blank\" rel=\"noopener\">2020<\/a><\/li>\r\n<li><a href=\"https:\/\/estadisticas.seps.gob.ec\/?smd_process_download=1&amp;download_id=997\" target=\"_blank\" rel=\"noopener\">2019<\/a><\/li>\r\n<li><a href=\"https:\/\/estadisticas.seps.gob.ec\/?smd_process_download=1&amp;download_id=999\" target=\"_blank\" rel=\"noopener\">2018<\/a><\/li>\r\n<li><a href=\"https:\/\/estadisticas.seps.gob.ec\/?sdm_process_download=1&amp;download_id=1001\">A\u00f1os anteriores<\/a><\/li>\r\n<\/ul>\r\n<p>[\/qt_accordion_item][qt_accordion_item heading=\u00bbInformaci\u00f3n financiera EPS anual\u00bb]<\/p>\r\n<p>Saldos anuales de las principales cuentas contables de las organizaciones de la Econom\u00eda Popular y Solidaria. La base del a\u00f1o en curso se actualiza seg\u00fan disponibilidad de informaci\u00f3n.<\/p>\r\n<ul>\r\n<li><a href=\"https:\/\/estadisticas.seps.gob.ec\/?sdm_process_download=1&amp;download_id=2987\">2024<\/a><\/li>\r\n<li><a href=\"https:\/\/estadisticas.seps.gob.ec\/?sdm_process_download=1&amp;download_id=2499\">2023<\/a><\/li>\r\n<li><a href=\"https:\/\/estadisticas.seps.gob.ec\/?smd_process_download=1&amp;download_id=2119\">2022<\/a><\/li>\r\n<li><a href=\"https:\/\/estadisticas.seps.gob.ec\/?smd_process_download=1&amp;download_id=1300\">2021<\/a><\/li>\r\n<li><a href=\"https:\/\/estadisticas.seps.gob.ec\/?smd_process_download=1&amp;download_id=1003\" target=\"_blank\" rel=\"noopener\">2020<\/a><\/li>\r\n<li><a href=\"https:\/\/estadisticas.seps.gob.ec\/?smd_process_download=1&amp;download_id=1005\" target=\"_blank\" rel=\"noopener\">2019<\/a><\/li>\r\n<li><a href=\"https:\/\/estadisticas.seps.gob.ec\/?smd_process_download=1&amp;download_id=1007\" target=\"_blank\" rel=\"noopener\">2018<\/a><\/li>\r\n<li><a href=\"https:\/\/estadisticas.seps.gob.ec\/?smd_process_download=1&amp;download_id=1009\">A\u00f1os anteriores<\/a><\/li>\r\n<\/ul>\r\n<p>[\/qt_accordion_item][qt_accordion_item heading=\u00bbDirectivos trimestral\u00bb]<\/p>\r\n<p>Composici\u00f3n de directivas de las organizaciones de la Econom\u00eda Popular y Solidaria. La base del a\u00f1o en curso se actualiza seg\u00fan disponibilidad de informaci\u00f3n.<\/p>\r\n<ul>\r\n<li><a href=\"https:\/\/estadisticas.seps.gob.ec\/?sdm_process_download=1&amp;download_id=3390\">2026<\/a><\/li>\r\n<li><a href=\"https:\/\/estadisticas.seps.gob.ec\/?sdm_process_download=1&amp;download_id=2883\">2025<\/a><\/li>\r\n<li><a href=\"https:\/\/estadisticas.seps.gob.ec\/?sdm_process_download=1&amp;download_id=2444&amp;sdm_ignore_logging=1\">2024<\/a><\/li>\r\n<li><a href=\"https:\/\/estadisticas.seps.gob.ec\/?smd_process_download=1&amp;download_id=2054\">2023<\/a><\/li>\r\n<li><a href=\"https:\/\/estadisticas.seps.gob.ec\/?smd_process_download=1&amp;download_id=1263\">2022<\/a><\/li>\r\n<li><a href=\"https:\/\/estadisticas.seps.gob.ec\/?smd_process_download=1&amp;download_id=1011\">2021<\/a><\/li>\r\n<li><a href=\"https:\/\/estadisticas.seps.gob.ec\/?smd_process_download=1&amp;download_id=1013\">2020<\/a><\/li>\r\n<\/ul>\r\n<p>[\/qt_accordion_item][\/qt_accordion]<\/p>\r\n<p>[\/vc_toggle][vc_toggle title=\u00bbDocumentaci\u00f3n Adicional:\u00bb css_animation=\u00bbnone\u00bb custom_font_container=\u00bbtag:h4|text_align:left|color:%230095db\u00bb custom_google_fonts=\u00bbfont_family:Roboto%3A100%2C100italic%2C300%2C300italic%2Cregular%2Citalic%2C500%2C500italic%2C700%2C700italic%2C900%2C900italic|font_style:400%20regular%3A400%3Anormal\u00bb use_custom_heading=\u00bbtrue\u00bb]<\/p>\r\n<div id=\"footable_parent_1955\"\n         class=\" footable_parent ninja_table_wrapper loading_ninja_table wp_table_data_press_parent bootstrap4 \">\n                <table data-ninja_table_instance=\"ninja_table_instance_1\" data-footable_id=\"1955\" data-filter-delay=\"1000\" aria-label=\"Documentaci\u00f3n Adicional EPS\"            id=\"footable_1955\"\n           data-unique_identifier=\"ninja_table_unique_id_1348143087_1955\"\n           class=\" foo-table ninja_footable foo_table_1955 ninja_table_unique_id_1348143087_1955 table  nt_type_ajax_table table-bordered table-hover vertical_centered  footable-paging-right ninja_table_search_disabled\">\n                <colgroup>\n                            <col class=\"ninja_column_0 \">\n                            <col class=\"ninja_column_1 \">\n                            <col class=\"ninja_column_2 \">\n                    <\/colgroup>\n            <\/table>\n    \n    \n    \n<\/div>\n\r\n<p>[\/vc_toggle][\/vc_column_inner][\/vc_row_inner][\/vc_tta_section][\/vc_tta_tour][\/vc_column][\/vc_row][vc_row][vc_column][vc_column_text][\/vc_column_text][\/vc_column][\/vc_row][vc_row][vc_column width=\u00bb1\/6&#8243;][\/vc_column][vc_column width=\u00bb2\/3&#8243;][vc_column_text]<\/p>\r\n<p class=\"p1\" style=\"text-align: center; color: black;\">Superintendencia de Econom\u00eda Popular y Solidaria \u00a9 Todos los derechos reservados.<\/p>\r\n<p>[\/vc_column_text][\/vc_column][vc_column width=\u00bb1\/6&#8243;][\/vc_column][\/vc_row]<\/p>","protected":false},"excerpt":{"rendered":"<p>[vc_row][vc_column][vc_column_text][\/vc_column_text][\/vc_column][\/vc_row][vc_row][vc_column][vc_column_text] Estad\u00edsticas EPS [\/vc_column_text][\/vc_column][\/vc_row][vc_row][vc_column][vc_tta_tour shape=\u00bbsquare\u00bb controls_size=\u00bbsm\u00bb active_section=\u00bb1&#8243; css_animation=\u00bbfadeIn\u00bb no_fill_content_area=\u00bbtrue\u00bb el_class=\u00bbtour-section-css-add\u00bb][vc_tta_section title=\u00bbInformaci\u00f3n sectorial\u00bb tab_id=\u00bbinformacion-sectorial\u00bb][vc_row_inner][vc_column_inner][vc_column_text el_class=\u00bbtextcont\u00bb] La informacio\u0301n sectorial de la EPS recoge el nu\u0301mero de organizaciones y socios de las asociaciones, cooperativas y organizaciones comunitarias de la Economi\u0301a Popular y Solidaria, de acuerdo a su registro en los sistemas en li\u0301nea de la Superintendencia de Economi\u0301a&hellip;<\/p>\n","protected":false},"author":2,"featured_media":0,"parent":0,"menu_order":0,"comment_status":"closed","ping_status":"closed","template":"","meta":{"footnotes":""},"class_list":["post-10","page","type-page","status-publish","hentry"],"_links":{"self":[{"href":"https:\/\/estadisticas.seps.gob.ec\/index.php\/wp-json\/wp\/v2\/pages\/10","targetHints":{"allow":["GET"]}}],"collection":[{"href":"https:\/\/estadisticas.seps.gob.ec\/index.php\/wp-json\/wp\/v2\/pages"}],"about":[{"href":"https:\/\/estadisticas.seps.gob.ec\/index.php\/wp-json\/wp\/v2\/types\/page"}],"author":[{"embeddable":true,"href":"https:\/\/estadisticas.seps.gob.ec\/index.php\/wp-json\/wp\/v2\/users\/2"}],"replies":[{"embeddable":true,"href":"https:\/\/estadisticas.seps.gob.ec\/index.php\/wp-json\/wp\/v2\/comments?post=10"}],"version-history":[{"count":98,"href":"https:\/\/estadisticas.seps.gob.ec\/index.php\/wp-json\/wp\/v2\/pages\/10\/revisions"}],"predecessor-version":[{"id":1806,"href":"https:\/\/estadisticas.seps.gob.ec\/index.php\/wp-json\/wp\/v2\/pages\/10\/revisions\/1806"}],"wp:attachment":[{"href":"https:\/\/estadisticas.seps.gob.ec\/index.php\/wp-json\/wp\/v2\/media?parent=10"}],"curies":[{"name":"wp","href":"https:\/\/api.w.org\/{rel}","templated":true}]}}