{"id":67,"date":"2021-03-09T04:10:43","date_gmt":"2021-03-09T04:10:43","guid":{"rendered":"http:\/\/dataseps.gecko.com.ec\/wordpress\/?page_id=67"},"modified":"2025-09-19T21:49:08","modified_gmt":"2025-09-19T21:49:08","slug":"home2","status":"publish","type":"page","link":"https:\/\/estadisticas.seps.gob.ec\/","title":{"rendered":"Home"},"content":{"rendered":"<p>[vc_row full_width=\u00bbstretch_row_content_no_spaces\u00bb][vc_column][vc_column_text]<\/p>\n<h2><\/h2>\n<h2 class=\"p1\" style=\"text-align: center;\">Accede a la informaci\u00f3n estad\u00edsticas de la <strong> <span class=\"s1 blue\">SEPS.<\/span><\/strong><\/h2>\n<p>[\/vc_column_text][\/vc_column][\/vc_row][vc_row full_width=\u00bbstretch_row\u00bb css_animation=\u00bbnone\u00bb type=\u00bbcontainer\u00bb padding_top=\u00bb\u00bb padding_bottom=\u00bb\u00bb css=\u00bb.vc_custom_1615856116369{margin-bottom: 45px !important;padding-top: 70px !important;padding-bottom: 35px !important;background-image: url(https:\/\/thekleaner.qreativethemes.com\/wp-content\/uploads\/sites\/2\/2018\/06\/steps-bg.png?id=11039) !important;background-position: 0 0 !important;background-repeat: no-repeat !important;}\u00bb][vc_column width=\u00bb1\/4&#8243; css=\u00bb.vc_custom_1537363366328{padding-top: 0px !important;}\u00bb][qt_animate_element css_animation=\u00bbbottom-to-top\u00bb animation_delay=\u00bbdelay-100&#8243; animation_duration=\u00bb\u00bb][qt_iconbox iconbox_icon_symbol=\u00bbfont-icon\u00bb iconbox_icon_position=\u00bbicon-top\u00bb iconbox_layout=\u00bbstyle-3&#8243; iconbox_alignment=\u00bbtext-center\u00bb iconbox_add_link=\u00bbtrue\u00bb iconbox_link_all=\u00bbtrue\u00bb iconbox_enable_border_style=\u00bbtrue\u00bb iconbox_enable_hover_effect=\u00bbtrue\u00bb iconbox_heading=\u00bbCalendario Estad\u00edstico\u00bb iconbox_link=\u00bburl:https%3A%2F%2Festadisticas.seps.gob.ec%2Findex.php%2Fcalendario-estadistico%2F|title:Calendario%20Estad%C3%ADstico|target:_blank\u00bb iconbox_icon=\u00bbfas fa-calendar\u00bb iconbox_icon_size=\u00bb80&#8243; iconbox_icon_color=\u00bb#01548d\u00bb custom_class=\u00bbicon-style\u00bb][\/qt_iconbox][\/qt_animate_element][\/vc_column][vc_column width=\u00bb1\/4&#8243; css=\u00bb.vc_custom_1537363369342{padding-top: 0px !important;}\u00bb][qt_animate_element css_animation=\u00bbbottom-to-top\u00bb animation_delay=\u00bbdelay-200&#8243; animation_duration=\u00bb\u00bb][qt_iconbox iconbox_icon_symbol=\u00bbfont-icon\u00bb iconbox_icon_position=\u00bbicon-top\u00bb iconbox_layout=\u00bbstyle-3&#8243; iconbox_alignment=\u00bbtext-center\u00bb iconbox_add_link=\u00bbtrue\u00bb iconbox_link_all=\u00bbtrue\u00bb iconbox_enable_border_style=\u00bbtrue\u00bb iconbox_enable_hover_effect=\u00bbtrue\u00bb iconbox_heading=\u00bbEstad\u00edsticas SFPS\u00bb iconbox_link=\u00bburl:https%3A%2F%2Festadisticas.seps.gob.ec%2Findex.php%2Festadisticas-sfps%2F|title:Estad%C3%ADsticas%20SFPS|target:_blank\u00bb iconbox_icon=\u00bbfas fa-city\u00bb iconbox_icon_size=\u00bb80&#8243; custom_class=\u00bbicon-style\u00bb iconbox_icon_color=\u00bb#01548d\u00bb][\/qt_iconbox][\/qt_animate_element][\/vc_column][vc_column width=\u00bb1\/4&#8243; css=\u00bb.vc_custom_1537363371960{padding-top: 0px !important;}\u00bb][qt_animate_element css_animation=\u00bbbottom-to-top\u00bb animation_delay=\u00bbdelay-300&#8243; animation_duration=\u00bb\u00bb][qt_iconbox iconbox_icon_symbol=\u00bbfont-icon\u00bb iconbox_icon_position=\u00bbicon-top\u00bb iconbox_layout=\u00bbstyle-3&#8243; iconbox_alignment=\u00bbtext-center\u00bb iconbox_add_link=\u00bbtrue\u00bb iconbox_link_all=\u00bbtrue\u00bb iconbox_enable_border_style=\u00bbtrue\u00bb iconbox_enable_hover_effect=\u00bbtrue\u00bb iconbox_heading=\u00bbEstad\u00edsticas EPS\u00bb iconbox_link=\u00bburl:https%3A%2F%2Festadisticas.seps.gob.ec%2Findex.php%2Festadisticas-eps%2F|title:Estad%C3%ADsticas%20EPS|target:_blank\u00bb iconbox_icon=\u00bbfas fa-users\u00bb iconbox_icon_size=\u00bb80&#8243; custom_class=\u00bbicon-style\u00bb iconbox_icon_color=\u00bb#01548d\u00bb][\/qt_iconbox][\/qt_animate_element][\/vc_column][vc_column width=\u00bb1\/4&#8243; css=\u00bb.vc_custom_1537363374877{padding-top: 0px !important;}\u00bb][qt_animate_element css_animation=\u00bbbottom-to-top\u00bb animation_delay=\u00bbdelay-400&#8243; animation_duration=\u00bb\u00bb][qt_iconbox iconbox_icon_symbol=\u00bbfont-icon\u00bb iconbox_icon_position=\u00bbicon-top\u00bb iconbox_layout=\u00bbstyle-3&#8243; iconbox_alignment=\u00bbtext-center\u00bb iconbox_add_link=\u00bbtrue\u00bb iconbox_link_all=\u00bbtrue\u00bb iconbox_new_tab=\u00bbtrue\u00bb iconbox_enable_border_style=\u00bbtrue\u00bb iconbox_enable_hover_effect=\u00bbtrue\u00bb iconbox_heading=\u00bbEstudios sobre EPS\u00bb iconbox_icon=\u00bbfas fa-file-alt\u00bb iconbox_link=\u00bburl:https%3A%2F%2Fwww.seps.gob.ec%2Festudios-sobre-economia-popular-y-solidaria%2F|target:_blank\u00bb iconbox_icon_size=\u00bb80&#8243; custom_class=\u00bbicon-style\u00bb iconbox_icon_color=\u00bb#01548d\u00bb][\/qt_iconbox][\/qt_animate_element][\/vc_column][\/vc_row][vc_row full_width=\u00bbstretch_row_content_no_spaces\u00bb][vc_column][vc_column_text]<\/p>\n<h2 class=\"p1\" style=\"text-align: center;\">Revisa <strong> datos espec\u00edficos y cifras <\/strong>de los sectores.<\/h2>\n<p>[\/vc_column_text][vc_single_image image=\u00bb714&#8243; onclick=\u00bbcustom_link\u00bb img_link_target=\u00bb_blank\u00bb el_class=\u00bbfull-image\u00bb link=\u00bbhttps:\/\/data.seps.gob.ec\/#\/dashboards\/home\u00bb][\/vc_column][\/vc_row][vc_row full_width=\u00bbstretch_row_content_no_spaces\u00bb css=\u00bb.vc_custom_1623639003216{background: #31363a url(https:\/\/estadisticas.seps.gob.ec\/wp-content\/uploads\/2021\/06\/world_dots.png?id=241) !important;}\u00bb el_class=\u00bbfull-image\u00bb][vc_column width=\u00bb1\/2&#8243;][vc_row_inner][vc_column_inner][vc_column_text]<\/p>\n<h3 style=\"text-align: center; margin-bottom: 0px !important; color: white;\">Ay\u00fadanos a mejorar el<\/h3>\n<h3 style=\"text-align: center; margin-bottom: 0px !important; color: white;\">Portal Estad\u00edstico SEPS.<\/h3>\n<p>[\/vc_column_text][\/vc_column_inner][\/vc_row_inner][vc_icon icon_fontawesome=\u00bbfas fa-file-invoice\u00bb color=\u00bbwhite\u00bb size=\u00bbxl\u00bb align=\u00bbcenter\u00bb link=\u00bburl:https%3A%2F%2Fservicios.seps.gob.ec%2Flimesurvey%2Findex.php%2F926291%3Fnewtest%3DY%26lang%3Des|target:_blank\u00bb][vc_btn title=\u00bbENCUESTA\u00bb align=\u00bbcenter\u00bb link=\u00bburl:https%3A%2F%2Fservicios.seps.gob.ec%2Flimesurvey%2Findex.php%2F737632%3Flang%3Des%20|target:_blank\u00bb][vc_column_text]<\/p>\n<h5 style=\"text-align: center;\"><span style=\"color: #ffffff;\">Para mayor informaci\u00f3n o consultas<\/span><\/h5>\n<h5 style=\"text-align: center;\"><span style=\"color: #ffffff;\">por favor cont\u00e1ctenos al siguiente correo electr\u00f3nico:<\/span><\/h5>\n<p>[\/vc_column_text][vc_empty_space height=\u00bb24px\u00bb][vc_column_text]<\/p>\n<h4 style=\"text-align: center;\"><span style=\"color: #339966;\"><strong><a style=\"color: #0093de;\" href=\"mailto:estadisticas@seps.gob.ec\">estadisticas@seps.gob.ec<\/a><\/strong><\/span><\/h4>\n<p>[\/vc_column_text][vc_empty_space][\/vc_column][vc_column width=\u00bb5\/12&#8243;][vc_row_inner][vc_column_inner][qt_iconbox iconbox_icon_symbol=\u00bbfont-icon\u00bb iconbox_icon_position=\u00bbicon-left icon-float\u00bb iconbox_layout=\u00bbstyle-2&#8243; iconbox_add_link=\u00bbtrue\u00bb iconbox_wrap_border=\u00bbtrue\u00bb iconbox_heading=\u00bbRecuerda que el env\u00edo oportuno de informaci\u00f3n fortalece la supervisi\u00f3n, crecimiento y sostenibilidad del sector.\u00bb iconbox_icon=\u00bbfar fa-check-circle\u00bb custom_class=\u00bbbox-home\u00bb][\/qt_iconbox][\/vc_column_inner][\/vc_row_inner][vc_row_inner gap=\u00bb10&#8243; css=\u00bb.vc_custom_1643402563923{padding-top: 15px !important;padding-right: 15px !important;padding-bottom: 15px !important;padding-left: 15px !important;}\u00bb][vc_column_inner][qt_iconbox iconbox_icon_symbol=\u00bbfont-icon\u00bb iconbox_icon_position=\u00bbicon-left icon-float\u00bb iconbox_layout=\u00bbstyle-2&#8243; iconbox_add_link=\u00bbtrue\u00bb iconbox_new_tab=\u00bbtrue\u00bb iconbox_wrap_border=\u00bbtrue\u00bb iconbox_icon=\u00bbfar fa-check-circle\u00bb iconbox_heading=\u00bbMant\u00e9n actualizados los datos de tu organizaci\u00f3n para acceder a los servicios de la SEPS. \u00a1Actual\u00edzalos aqu\u00ed!\u00bb iconbox_link=\u00bburl:https%3A%2F%2Fwww.seps.gob.ec%2Fcatalogo-de-servicios%2Foeps%2Factualizacion-de-datos-de-contacto-de-las-organizaciones-eps-y-representantes-legales%2F|target:_blank\u00bb message=\u00bb\u00bb][\/qt_iconbox][qt_iconbox iconbox_icon_symbol=\u00bbfont-icon\u00bb iconbox_icon_position=\u00bbicon-left icon-float\u00bb iconbox_layout=\u00bbstyle-2&#8243; iconbox_add_link=\u00bbtrue\u00bb iconbox_new_tab=\u00bbtrue\u00bb iconbox_wrap_border=\u00bbtrue\u00bb iconbox_icon=\u00bbfar fa-check-circle\u00bb iconbox_heading=\u00bbMant\u00e9n actualizados los datos de tu entidad para acceder a los servicios de la SEPS. \u00a1Actual\u00edzalos aqu\u00ed!\u00bb iconbox_link=\u00bburl:https%3A%2F%2Fwww.seps.gob.ec%2Fcatalogo-de-servicios%2Fesfps%2Factualizacion-de-datos-de-contacto-de-las-entidades-y-representantes-legales%2F|target:_blank\u00bb css=\u00bb.vc_custom_1758318489603{margin-left: 5px !important;}\u00bb message=\u00bb\u00bb][\/qt_iconbox][\/vc_column_inner][\/vc_row_inner][\/vc_column][\/vc_row][vc_row][vc_column width=\u00bb1\/6&#8243;][\/vc_column][vc_column width=\u00bb2\/3&#8243;][vc_column_text]<\/p>\n<p class=\"p1\" style=\"text-align: center; color: black;\">Superintendencia de Econom\u00eda Popular y Solidaria \u00a9 Todos los derechos reservados.<\/p>\n<p>[\/vc_column_text][\/vc_column][vc_column width=\u00bb1\/6&#8243;][\/vc_column][\/vc_row]<\/p>\n","protected":false},"excerpt":{"rendered":"<p>[vc_row full_width=\u00bbstretch_row_content_no_spaces\u00bb][vc_column][vc_column_text] Accede a la informaci\u00f3n estad\u00edsticas de la SEPS. [\/vc_column_text][\/vc_column][\/vc_row][vc_row full_width=\u00bbstretch_row\u00bb css_animation=\u00bbnone\u00bb type=\u00bbcontainer\u00bb padding_top=\u00bb\u00bb padding_bottom=\u00bb\u00bb css=\u00bb.vc_custom_1615856116369{margin-bottom: 45px !important;padding-top: 70px !important;padding-bottom: 35px !important;background-image: url(https:\/\/thekleaner.qreativethemes.com\/wp-content\/uploads\/sites\/2\/2018\/06\/steps-bg.png?id=11039) !important;background-position: 0 0 !important;background-repeat: no-repeat !important;}\u00bb][vc_column width=\u00bb1\/4&#8243; css=\u00bb.vc_custom_1537363366328{padding-top: 0px !important;}\u00bb][qt_animate_element css_animation=\u00bbbottom-to-top\u00bb animation_delay=\u00bbdelay-100&#8243; animation_duration=\u00bb\u00bb][qt_iconbox iconbox_icon_symbol=\u00bbfont-icon\u00bb iconbox_icon_position=\u00bbicon-top\u00bb iconbox_layout=\u00bbstyle-3&#8243; iconbox_alignment=\u00bbtext-center\u00bb iconbox_add_link=\u00bbtrue\u00bb iconbox_link_all=\u00bbtrue\u00bb iconbox_enable_border_style=\u00bbtrue\u00bb iconbox_enable_hover_effect=\u00bbtrue\u00bb iconbox_heading=\u00bbCalendario Estad\u00edstico\u00bb iconbox_link=\u00bburl:https%3A%2F%2Festadisticas.seps.gob.ec%2Findex.php%2Fcalendario-estadistico%2F|title:Calendario%20Estad%C3%ADstico|target:_blank\u00bb iconbox_icon=\u00bbfas fa-calendar\u00bb iconbox_icon_size=\u00bb80&#8243; iconbox_icon_color=\u00bb#01548d\u00bb custom_class=\u00bbicon-style\u00bb][\/qt_iconbox][\/qt_animate_element][\/vc_column][vc_column width=\u00bb1\/4&#8243; css=\u00bb.vc_custom_1537363369342{padding-top:&hellip;<\/p>\n","protected":false},"author":2,"featured_media":0,"parent":0,"menu_order":0,"comment_status":"closed","ping_status":"closed","template":"","meta":{"footnotes":""},"class_list":["post-67","page","type-page","status-publish","hentry"],"_links":{"self":[{"href":"https:\/\/estadisticas.seps.gob.ec\/index.php\/wp-json\/wp\/v2\/pages\/67","targetHints":{"allow":["GET"]}}],"collection":[{"href":"https:\/\/estadisticas.seps.gob.ec\/index.php\/wp-json\/wp\/v2\/pages"}],"about":[{"href":"https:\/\/estadisticas.seps.gob.ec\/index.php\/wp-json\/wp\/v2\/types\/page"}],"author":[{"embeddable":true,"href":"https:\/\/estadisticas.seps.gob.ec\/index.php\/wp-json\/wp\/v2\/users\/2"}],"replies":[{"embeddable":true,"href":"https:\/\/estadisticas.seps.gob.ec\/index.php\/wp-json\/wp\/v2\/comments?post=67"}],"version-history":[{"count":140,"href":"https:\/\/estadisticas.seps.gob.ec\/index.php\/wp-json\/wp\/v2\/pages\/67\/revisions"}],"predecessor-version":[{"id":3106,"href":"https:\/\/estadisticas.seps.gob.ec\/index.php\/wp-json\/wp\/v2\/pages\/67\/revisions\/3106"}],"wp:attachment":[{"href":"https:\/\/estadisticas.seps.gob.ec\/index.php\/wp-json\/wp\/v2\/media?parent=67"}],"curies":[{"name":"wp","href":"https:\/\/api.w.org\/{rel}","templated":true}]}}